{"id":1383,"date":"2026-03-19T09:55:09","date_gmt":"2026-03-19T08:55:09","guid":{"rendered":"https:\/\/senatorska12.uwb.pl\/?page_id=1383"},"modified":"2026-03-21T12:22:25","modified_gmt":"2026-03-21T11:22:25","slug":"harmonogram","status":"publish","type":"page","link":"https:\/\/senatorska12.uwb.pl\/index.php\/harmonogram\/","title":{"rendered":"Harmonogram"},"content":{"rendered":"\t\t<div data-elementor-type=\"wp-page\" data-elementor-id=\"1383\" class=\"elementor elementor-1383\" data-elementor-post-type=\"page\">\n\t\t\t\t<div data-particle_enable=\"false\" data-particle-mobile-disabled=\"false\" class=\"elementor-element elementor-element-1682dc03 e-flex e-con-boxed e-con e-parent\" data-id=\"1682dc03\" data-element_type=\"container\" data-e-type=\"container\">\n\t\t\t\t\t<div class=\"e-con-inner\">\n\t\t<div data-particle_enable=\"false\" data-particle-mobile-disabled=\"false\" class=\"elementor-element elementor-element-334e1101 e-con-full e-flex e-con e-child\" data-id=\"334e1101\" data-element_type=\"container\" data-e-type=\"container\">\n\t\t\t\t<div class=\"elementor-element elementor-element-68bec2e0 elementor-widget elementor-widget-image\" data-id=\"68bec2e0\" data-element_type=\"widget\" data-e-type=\"widget\" data-widget_type=\"image.default\">\n\t\t\t\t\t\t\t\t\t\t\t\t\t\t\t<img fetchpriority=\"high\" decoding=\"async\" width=\"2560\" height=\"1920\" src=\"https:\/\/senatorska12.uwb.pl\/wp-content\/uploads\/2026\/03\/2-scaled.jpg\" class=\"attachment-full size-full wp-image-822\" alt=\"\" srcset=\"https:\/\/senatorska12.uwb.pl\/wp-content\/uploads\/2026\/03\/2-scaled.jpg 2560w, https:\/\/senatorska12.uwb.pl\/wp-content\/uploads\/2026\/03\/2-300x225.jpg 300w, https:\/\/senatorska12.uwb.pl\/wp-content\/uploads\/2026\/03\/2-1024x768.jpg 1024w, https:\/\/senatorska12.uwb.pl\/wp-content\/uploads\/2026\/03\/2-768x576.jpg 768w, https:\/\/senatorska12.uwb.pl\/wp-content\/uploads\/2026\/03\/2-1536x1152.jpg 1536w, https:\/\/senatorska12.uwb.pl\/wp-content\/uploads\/2026\/03\/2-2048x1536.jpg 2048w\" sizes=\"(max-width: 2560px) 100vw, 2560px\" \/>\t\t\t\t\t\t\t\t\t\t\t\t\t\t\t<\/div>\n\t\t\t\t<\/div>\n\t\t<div data-particle_enable=\"false\" data-particle-mobile-disabled=\"false\" class=\"elementor-element elementor-element-53919ef1 e-con-full e-flex e-con e-child\" data-id=\"53919ef1\" data-element_type=\"container\" data-e-type=\"container\">\n\t\t\t\t<div class=\"elementor-element elementor-element-1374b680 elementor-widget elementor-widget-heading\" data-id=\"1374b680\" data-element_type=\"widget\" data-e-type=\"widget\" data-widget_type=\"heading.default\">\n\t\t\t\t\t<h1 class=\"elementor-heading-title elementor-size-default\">Harmonogram<\/h1>\t\t\t\t<\/div>\n\t\t\t\t<div class=\"elementor-element elementor-element-660facbd elementor-widget elementor-widget-text-editor\" data-id=\"660facbd\" data-element_type=\"widget\" data-e-type=\"widget\" data-widget_type=\"text-editor.default\">\n\t\t\t\t\t\t\t\t\t<p class=\"p1\">Realizacja inwestycji Senatorska 12 zosta\u0142a podzielona na 7 etap\u00f3w, obejmuj\u0105cych zar\u00f3wno przygotowanie terenu, jak i kolejne prace konstrukcyjne, instalacyjne oraz wyko\u0144czeniowe. Pierwszy etap, zwi\u0105zany z zakupem gruntu, przygotowaniem terenu i pracami projektowymi wraz z pozwoleniem na budow\u0119, zosta\u0142 ju\u017c zrealizowany. Kolejne etapy obejmuj\u0105 wykonanie fundament\u00f3w, konstrukcji budynk\u00f3w, dachu, instalacji, elewacji oraz zagospodarowania terenu. Zgodnie z harmonogramem przeniesienie w\u0142asno\u015bci lokali planowane jest do 31 grudnia 2028 roku.<\/p>\t\t\t\t\t\t\t\t<\/div>\n\t\t\t\t<div class=\"elementor-element elementor-element-70e337f2 elementor-tablet-align-center elementor-widget elementor-widget-button\" data-id=\"70e337f2\" data-element_type=\"widget\" data-e-type=\"widget\" data-widget_type=\"button.default\">\n\t\t\t\t\t\t\t\t\t\t<a class=\"elementor-button elementor-button-link elementor-size-sm elementor-animation-shrink\" href=\"#dalej\">\n\t\t\t\t\t\t<span class=\"elementor-button-content-wrapper\">\n\t\t\t\t\t\t\t\t\t<span class=\"elementor-button-text\">WI\u0119cej<\/span>\n\t\t\t\t\t<\/span>\n\t\t\t\t\t<\/a>\n\t\t\t\t\t\t\t\t<\/div>\n\t\t\t\t<div class=\"elementor-element elementor-element-136b9ad elementor-widget elementor-widget-menu-anchor\" data-id=\"136b9ad\" data-element_type=\"widget\" data-e-type=\"widget\" data-widget_type=\"menu-anchor.default\">\n\t\t\t\t\t\t\t<div class=\"elementor-menu-anchor\" id=\"dalej\"><\/div>\n\t\t\t\t\t\t<\/div>\n\t\t\t\t<\/div>\n\t\t\t\t\t<\/div>\n\t\t\t\t<\/div>\n\t\t<div data-particle_enable=\"false\" data-particle-mobile-disabled=\"false\" class=\"elementor-element elementor-element-27881c74 e-flex e-con-boxed e-con e-parent\" data-id=\"27881c74\" data-element_type=\"container\" data-e-type=\"container\">\n\t\t\t\t\t<div class=\"e-con-inner\">\n\t\t<div data-particle_enable=\"false\" data-particle-mobile-disabled=\"false\" class=\"elementor-element elementor-element-788022e1 e-con-full e-flex e-con e-child\" data-id=\"788022e1\" data-element_type=\"container\" data-e-type=\"container\">\n\t\t\t\t<div class=\"elementor-element elementor-element-0bb849f elementor-widget elementor-widget-eael-content-timeline\" data-id=\"0bb849f\" data-element_type=\"widget\" data-e-type=\"widget\" data-widget_type=\"eael-content-timeline.default\">\n\t\t\t\t<div class=\"elementor-widget-container\">\n\t\t\t\t\t\t\t<div id=\"eael-content-timeline-0bb849f\" class=\"content-timeline-layout-center date-position- horizontal-timeline-wrapper\" data-slide_to_scroll=\"{&quot;desktop&quot;:1,&quot;tablet&quot;:1,&quot;mobile&quot;:1}\">\n\t\t\t<div class=\"eael-content-timeline-container\">\n\t\t\t\t<div class=\"eael-content-timeline-container\">\n\t\t\t\t\t\t\t\t\t\t\t\t\t\t\t\t\t\t\t\t\t\t\t<div class=\"eael-content-timeline-block\">\n    <div class=\"eael-content-timeline-line\">\n        <div class=\"eael-content-timeline-inner\"><\/div>\n    <\/div>\n    <div class=\"eael-content-timeline-img eael-picture \"><svg class=\"e-font-icon-svg e-fas-home\" viewBox=\"0 0 576 512\" xmlns=\"http:\/\/www.w3.org\/2000\/svg\"><path d=\"M280.37 148.26L96 300.11V464a16 16 0 0 0 16 16l112.06-.29a16 16 0 0 0 15.92-16V368a16 16 0 0 1 16-16h64a16 16 0 0 1 16 16v95.64a16 16 0 0 0 16 16.05L464 480a16 16 0 0 0 16-16V300L295.67 148.26a12.19 12.19 0 0 0-15.3 0zM571.6 251.47L488 182.56V44.05a12 12 0 0 0-12-12h-56a12 12 0 0 0-12 12v72.61L318.47 43a48 48 0 0 0-61 0L4.34 251.47a12 12 0 0 0-1.6 16.9l25.5 31A12 12 0 0 0 45.15 301l235.22-193.74a12.19 12.19 0 0 1 15.3 0L530.9 301a12 12 0 0 0 16.9-1.6l25.5-31a12 12 0 0 0-1.7-16.93z\"><\/path><\/svg><\/div><div class=\"eael-content-timeline-content\"><h3 class=\"eael-timeline-title\"><a href=\"\">Etap I - 25%<\/a><\/h3><p>Zakup gruntu<\/p><p>Przygotowanie terenu pod budow\u0119<\/p><p>Prace projektowe wraz z pozwoleniem na budow\u0119<\/p><span class=\"eael-date\">ZREALIZOWANO<\/span><\/div><\/div>\t\t\t\t\t\t\t\t\t\t\t\t\t\t\t\t\t\t<div class=\"eael-content-timeline-block\">\n    <div class=\"eael-content-timeline-line\">\n        <div class=\"eael-content-timeline-inner\"><\/div>\n    <\/div>\n    <div class=\"eael-content-timeline-img eael-picture \"><svg class=\"e-font-icon-svg e-fas-home\" viewBox=\"0 0 576 512\" xmlns=\"http:\/\/www.w3.org\/2000\/svg\"><path d=\"M280.37 148.26L96 300.11V464a16 16 0 0 0 16 16l112.06-.29a16 16 0 0 0 15.92-16V368a16 16 0 0 1 16-16h64a16 16 0 0 1 16 16v95.64a16 16 0 0 0 16 16.05L464 480a16 16 0 0 0 16-16V300L295.67 148.26a12.19 12.19 0 0 0-15.3 0zM571.6 251.47L488 182.56V44.05a12 12 0 0 0-12-12h-56a12 12 0 0 0-12 12v72.61L318.47 43a48 48 0 0 0-61 0L4.34 251.47a12 12 0 0 0-1.6 16.9l25.5 31A12 12 0 0 0 45.15 301l235.22-193.74a12.19 12.19 0 0 1 15.3 0L530.9 301a12 12 0 0 0 16.9-1.6l25.5-31a12 12 0 0 0-1.7-16.93z\"><\/path><\/svg><\/div><div class=\"eael-content-timeline-content\"><h3 class=\"eael-timeline-title\"><a href=\"\">Etap II - 10%<\/a><\/h3><p class=\"p1\">Roboty ziemne<\/p><p class=\"p1\">Fundamenty<\/p><span class=\"eael-date\">01.06.2026<\/span><\/div><\/div>\t\t\t\t\t\t\t\t\t\t\t\t\t\t\t\t\t\t<div class=\"eael-content-timeline-block\">\n    <div class=\"eael-content-timeline-line\">\n        <div class=\"eael-content-timeline-inner\"><\/div>\n    <\/div>\n    <div class=\"eael-content-timeline-img eael-picture \"><svg class=\"e-font-icon-svg e-fas-home\" viewBox=\"0 0 576 512\" xmlns=\"http:\/\/www.w3.org\/2000\/svg\"><path d=\"M280.37 148.26L96 300.11V464a16 16 0 0 0 16 16l112.06-.29a16 16 0 0 0 15.92-16V368a16 16 0 0 1 16-16h64a16 16 0 0 1 16 16v95.64a16 16 0 0 0 16 16.05L464 480a16 16 0 0 0 16-16V300L295.67 148.26a12.19 12.19 0 0 0-15.3 0zM571.6 251.47L488 182.56V44.05a12 12 0 0 0-12-12h-56a12 12 0 0 0-12 12v72.61L318.47 43a48 48 0 0 0-61 0L4.34 251.47a12 12 0 0 0-1.6 16.9l25.5 31A12 12 0 0 0 45.15 301l235.22-193.74a12.19 12.19 0 0 1 15.3 0L530.9 301a12 12 0 0 0 16.9-1.6l25.5-31a12 12 0 0 0-1.7-16.93z\"><\/path><\/svg><\/div><div class=\"eael-content-timeline-content\"><h3 class=\"eael-timeline-title\"><a href=\"\">Etap III - 10%<\/a><\/h3><p class=\"p1\">Konstrukcja parteru<\/p><p class=\"p1\">Konstrukcja pi\u0119tra<\/p><span class=\"eael-date\">01.09.2026<\/span><\/div><\/div>\t\t\t\t\t\t\t\t\t\t\t\t\t\t\t\t\t\t<div class=\"eael-content-timeline-block\">\n    <div class=\"eael-content-timeline-line\">\n        <div class=\"eael-content-timeline-inner\"><\/div>\n    <\/div>\n    <div class=\"eael-content-timeline-img eael-picture \"><svg class=\"e-font-icon-svg e-fas-home\" viewBox=\"0 0 576 512\" xmlns=\"http:\/\/www.w3.org\/2000\/svg\"><path d=\"M280.37 148.26L96 300.11V464a16 16 0 0 0 16 16l112.06-.29a16 16 0 0 0 15.92-16V368a16 16 0 0 1 16-16h64a16 16 0 0 1 16 16v95.64a16 16 0 0 0 16 16.05L464 480a16 16 0 0 0 16-16V300L295.67 148.26a12.19 12.19 0 0 0-15.3 0zM571.6 251.47L488 182.56V44.05a12 12 0 0 0-12-12h-56a12 12 0 0 0-12 12v72.61L318.47 43a48 48 0 0 0-61 0L4.34 251.47a12 12 0 0 0-1.6 16.9l25.5 31A12 12 0 0 0 45.15 301l235.22-193.74a12.19 12.19 0 0 1 15.3 0L530.9 301a12 12 0 0 0 16.9-1.6l25.5-31a12 12 0 0 0-1.7-16.93z\"><\/path><\/svg><\/div><div class=\"eael-content-timeline-content\"><h3 class=\"eael-timeline-title\"><a href=\"\">Etap IV - 20%<\/a><\/h3><p class=\"p1\">Konstrukcja poddasza<\/p><p class=\"p1\">Konstrukcja dachu<\/p><p class=\"p1\">Pokrycie dachu<\/p><p class=\"p1\">Obr\u00f3bki blacharskie<\/p><p class=\"p1\">\u015aciany dzia\u0142owe<\/p><p class=\"p1\">Rynny i rury spustowe<\/p><p class=\"p1\">Stolarka okienna<\/p><span class=\"eael-date\">10.12.2026<\/span><\/div><\/div>\t\t\t\t\t\t\t\t\t\t\t\t\t\t\t\t\t\t<div class=\"eael-content-timeline-block\">\n    <div class=\"eael-content-timeline-line\">\n        <div class=\"eael-content-timeline-inner\"><\/div>\n    <\/div>\n    <div class=\"eael-content-timeline-img eael-picture \"><svg class=\"e-font-icon-svg e-fas-home\" viewBox=\"0 0 576 512\" xmlns=\"http:\/\/www.w3.org\/2000\/svg\"><path d=\"M280.37 148.26L96 300.11V464a16 16 0 0 0 16 16l112.06-.29a16 16 0 0 0 15.92-16V368a16 16 0 0 1 16-16h64a16 16 0 0 1 16 16v95.64a16 16 0 0 0 16 16.05L464 480a16 16 0 0 0 16-16V300L295.67 148.26a12.19 12.19 0 0 0-15.3 0zM571.6 251.47L488 182.56V44.05a12 12 0 0 0-12-12h-56a12 12 0 0 0-12 12v72.61L318.47 43a48 48 0 0 0-61 0L4.34 251.47a12 12 0 0 0-1.6 16.9l25.5 31A12 12 0 0 0 45.15 301l235.22-193.74a12.19 12.19 0 0 1 15.3 0L530.9 301a12 12 0 0 0 16.9-1.6l25.5-31a12 12 0 0 0-1.7-16.93z\"><\/path><\/svg><\/div><div class=\"eael-content-timeline-content\"><h3 class=\"eael-timeline-title\"><a href=\"\">Etap V - 10%<\/a><\/h3><p class=\"p1\">Instalacje elektryczne wewn\u0119trzne podtynkowe<\/p><p class=\"p1\">Instalacje sanitarne wewn\u0119trzne podtynkowe<\/p><span class=\"eael-date\">01.03.2027<\/span><\/div><\/div>\t\t\t\t\t\t\t\t\t\t\t\t\t\t\t\t\t\t<div class=\"eael-content-timeline-block\">\n    <div class=\"eael-content-timeline-line\">\n        <div class=\"eael-content-timeline-inner\"><\/div>\n    <\/div>\n    <div class=\"eael-content-timeline-img eael-picture \"><svg class=\"e-font-icon-svg e-fas-home\" viewBox=\"0 0 576 512\" xmlns=\"http:\/\/www.w3.org\/2000\/svg\"><path d=\"M280.37 148.26L96 300.11V464a16 16 0 0 0 16 16l112.06-.29a16 16 0 0 0 15.92-16V368a16 16 0 0 1 16-16h64a16 16 0 0 1 16 16v95.64a16 16 0 0 0 16 16.05L464 480a16 16 0 0 0 16-16V300L295.67 148.26a12.19 12.19 0 0 0-15.3 0zM571.6 251.47L488 182.56V44.05a12 12 0 0 0-12-12h-56a12 12 0 0 0-12 12v72.61L318.47 43a48 48 0 0 0-61 0L4.34 251.47a12 12 0 0 0-1.6 16.9l25.5 31A12 12 0 0 0 45.15 301l235.22-193.74a12.19 12.19 0 0 1 15.3 0L530.9 301a12 12 0 0 0 16.9-1.6l25.5-31a12 12 0 0 0-1.7-16.93z\"><\/path><\/svg><\/div><div class=\"eael-content-timeline-content\"><h3 class=\"eael-timeline-title\"><a href=\"\">Etap VI - 15%<\/a><\/h3><p class=\"p1\">Wykonanie tynk\u00f3w wewn\u0119trznych<\/p><p class=\"p1\">Instalacje ogrzewania pod\u0142ogowego pod posadzkowego<\/p><p class=\"p1\">Wylewki<\/p><p class=\"p1\">Elewacje<\/p><p class=\"p1\">Balustrady zewn\u0119trzne<\/p><span class=\"eael-date\">31.11.2027<\/span><\/div><\/div>\t\t\t\t\t\t\t\t\t\t\t\t\t\t\t\t\t\t<div class=\"eael-content-timeline-block\">\n    <div class=\"eael-content-timeline-line\">\n        <div class=\"eael-content-timeline-inner\"><\/div>\n    <\/div>\n    <div class=\"eael-content-timeline-img eael-picture \"><svg class=\"e-font-icon-svg e-fas-home\" viewBox=\"0 0 576 512\" xmlns=\"http:\/\/www.w3.org\/2000\/svg\"><path d=\"M280.37 148.26L96 300.11V464a16 16 0 0 0 16 16l112.06-.29a16 16 0 0 0 15.92-16V368a16 16 0 0 1 16-16h64a16 16 0 0 1 16 16v95.64a16 16 0 0 0 16 16.05L464 480a16 16 0 0 0 16-16V300L295.67 148.26a12.19 12.19 0 0 0-15.3 0zM571.6 251.47L488 182.56V44.05a12 12 0 0 0-12-12h-56a12 12 0 0 0-12 12v72.61L318.47 43a48 48 0 0 0-61 0L4.34 251.47a12 12 0 0 0-1.6 16.9l25.5 31A12 12 0 0 0 45.15 301l235.22-193.74a12.19 12.19 0 0 1 15.3 0L530.9 301a12 12 0 0 0 16.9-1.6l25.5-31a12 12 0 0 0-1.7-16.93z\"><\/path><\/svg><\/div><div class=\"eael-content-timeline-content\"><h3 class=\"eael-timeline-title\"><a href=\"\">Etap VII - 10%<\/a><\/h3><p class=\"p1\">Ocieplenie poddasza oraz zabudowa z p\u0142yt Gipsowo Kartonowych<\/p><p class=\"p1\">Monta\u017c kot\u0142\u00f3w gazowych C.O.<\/p><p class=\"p1\">Monta\u017c rekuperator\u00f3w<\/p><p class=\"p1\">Osprz\u0119t elektryczny instalacyjny<\/p><p class=\"p1\">Przy\u0142\u0105cza: elektryczne, gazowe , wod. \u2013 kan<\/p><p class=\"p1\">Zagospodarowanie terenu<\/p><p class=\"p1\">Oddanie do u\u017cytkowania<\/p><span class=\"eael-date\">30.06.2028<\/span><\/div><\/div>\t\t\t\t\t\t\t\t\t\t\t\t\t\t\t\t\t\t<div class=\"eael-content-timeline-block\">\n    <div class=\"eael-content-timeline-line\">\n        <div class=\"eael-content-timeline-inner\"><\/div>\n    <\/div>\n    <div class=\"eael-content-timeline-img eael-picture \"><svg class=\"e-font-icon-svg e-fas-home\" viewBox=\"0 0 576 512\" xmlns=\"http:\/\/www.w3.org\/2000\/svg\"><path d=\"M280.37 148.26L96 300.11V464a16 16 0 0 0 16 16l112.06-.29a16 16 0 0 0 15.92-16V368a16 16 0 0 1 16-16h64a16 16 0 0 1 16 16v95.64a16 16 0 0 0 16 16.05L464 480a16 16 0 0 0 16-16V300L295.67 148.26a12.19 12.19 0 0 0-15.3 0zM571.6 251.47L488 182.56V44.05a12 12 0 0 0-12-12h-56a12 12 0 0 0-12 12v72.61L318.47 43a48 48 0 0 0-61 0L4.34 251.47a12 12 0 0 0-1.6 16.9l25.5 31A12 12 0 0 0 45.15 301l235.22-193.74a12.19 12.19 0 0 1 15.3 0L530.9 301a12 12 0 0 0 16.9-1.6l25.5-31a12 12 0 0 0-1.7-16.93z\"><\/path><\/svg><\/div><div class=\"eael-content-timeline-content\"><h3 class=\"eael-timeline-title\"><a href=\"\">Przeniesienie w\u0142asno\u015bci<\/a><\/h3><span class=\"eael-date\">do 31.12.2028<\/span><\/div><\/div>\t\t\t\t<\/div>\n\t\t\t<\/div>\n\t\t<\/div>\n\t\t\t\t\t<\/div>\n\t\t\t\t<\/div>\n\t\t\t\t<\/div>\n\t\t\t\t\t<\/div>\n\t\t\t\t<\/div>\n\t\t\t\t<\/div>\n\t\t","protected":false},"excerpt":{"rendered":"<p>Harmonogram Realizacja inwestycji Senatorska 12 zosta\u0142a podzielona na 7 etap\u00f3w, obejmuj\u0105cych zar\u00f3wno przygotowanie terenu, jak i kolejne prace konstrukcyjne, instalacyjne oraz wyko\u0144czeniowe. Pierwszy etap, zwi\u0105zany z zakupem gruntu, przygotowaniem terenu i pracami projektowymi wraz z pozwoleniem na budow\u0119, zosta\u0142 ju\u017c zrealizowany. Kolejne etapy obejmuj\u0105 wykonanie fundament\u00f3w, konstrukcji budynk\u00f3w, dachu, instalacji, elewacji oraz zagospodarowania terenu. Zgodnie [&hellip;]<\/p>\n","protected":false},"author":1,"featured_media":0,"parent":0,"menu_order":0,"comment_status":"closed","ping_status":"closed","template":"elementor_header_footer","meta":{"footnotes":""},"class_list":["post-1383","page","type-page","status-publish","hentry"],"_links":{"self":[{"href":"https:\/\/senatorska12.uwb.pl\/index.php\/wp-json\/wp\/v2\/pages\/1383","targetHints":{"allow":["GET"]}}],"collection":[{"href":"https:\/\/senatorska12.uwb.pl\/index.php\/wp-json\/wp\/v2\/pages"}],"about":[{"href":"https:\/\/senatorska12.uwb.pl\/index.php\/wp-json\/wp\/v2\/types\/page"}],"author":[{"embeddable":true,"href":"https:\/\/senatorska12.uwb.pl\/index.php\/wp-json\/wp\/v2\/users\/1"}],"replies":[{"embeddable":true,"href":"https:\/\/senatorska12.uwb.pl\/index.php\/wp-json\/wp\/v2\/comments?post=1383"}],"version-history":[{"count":76,"href":"https:\/\/senatorska12.uwb.pl\/index.php\/wp-json\/wp\/v2\/pages\/1383\/revisions"}],"predecessor-version":[{"id":1614,"href":"https:\/\/senatorska12.uwb.pl\/index.php\/wp-json\/wp\/v2\/pages\/1383\/revisions\/1614"}],"wp:attachment":[{"href":"https:\/\/senatorska12.uwb.pl\/index.php\/wp-json\/wp\/v2\/media?parent=1383"}],"curies":[{"name":"wp","href":"https:\/\/api.w.org\/{rel}","templated":true}]}}